{"id":758,"date":"2021-05-12T11:09:30","date_gmt":"2021-05-12T09:09:30","guid":{"rendered":"https:\/\/styria-wien.at\/?page_id=758"},"modified":"2022-07-25T16:25:21","modified_gmt":"2022-07-25T14:25:21","slug":"cookie-richtlinien","status":"publish","type":"page","link":"https:\/\/styria-wien.at\/?page_id=758","title":{"rendered":"Cookie Richtlinien"},"content":{"rendered":"<div class=\"cli_pg_page_contaner\">\n<h5>Was sind Cookies?<\/h5>\n<div>Cookies und \u00e4hnliche Technologien sind sehr kleine Textdokumente oder Codeteile, die oft einen eindeutigen Identifikationscode enthalten. Wenn Sie eine Website besuchen oder eine mobile Anwendung verwenden, bittet ein Computer Ihren Computer oder Ihr mobiles Ger\u00e4t um die Erlaubnis, diese Datei auf Ihrem Computer oder mobilen Ger\u00e4t zu speichern und Zugang zu Informationen zu erhalten. Informationen, die durch Cookies und \u00e4hnliche Technologien gesammelt werden, k\u00f6nnen das Datum und die Uhrzeit des Besuchs sowie die Art und Weise, wie Sie eine bestimmte Website oder mobile Anwendung nutzen, beinhalten.<\/div>\n<h5>Warum verwenden wir Cookies?<\/h5>\n<div>Die Cookies stellen sicher, dass wir sehen k\u00f6nnen, wie unsere Website genutzt wird und wie wir sie verbessern k\u00f6nnen. Dar\u00fcber hinaus k\u00f6nnen je nach Ihren Pr\u00e4ferenzen unsere eigenen Cookies verwendet werden, um Ihnen gezielte Werbung zu pr\u00e4sentieren, die Ihren pers\u00f6nlichen Interessen entspricht.<\/div>\n<h5>Welche Art von Cookies verwenden wir?<\/h5>\n<h6><strong>Essenziell:<\/strong><\/h6>\n<div><\/div>\n<div>Essenzielle Services sind f\u00fcr die grundlegende Funktionalit\u00e4t der Website erforderlich. Sie enthalten nur technisch notwendige Services. Diesen Services kann nicht widersprochen werden.(z.B. die Privatsph\u00e4re Einstellungen)<\/div>\n<div><\/div>\n<h6><strong>Funktional:<\/strong><\/h6>\n<div><\/div>\n<div>Funktionale Services sind notwendig, um \u00fcber die wesentliche Funktionalit\u00e4t der Website hinausgehende Features wie h\u00fcbschere Schriftarten, Videowiedergabe oder interaktive Web 2.0-Features bereitzustellen. Inhalte von z.B. Video- und Social Media-Plattformen sind standardm\u00e4\u00dfig gesperrt und k\u00f6nnen zugestimmt werden. Wenn dem Service zugestimmt wird, werden diese Inhalte automatisch ohne weitere manuelle Einwilligung geladen.<\/div>\n<div><\/div>\n<h6><strong>Performance cookies:<\/strong><\/h6>\n<div><\/div>\n<div>Diese Cookies werden verwendet, um statistische Informationen \u00fcber die Nutzung unserer Website zu sammeln, auch Analyse-Cookies genannt. Wir verwenden diese Daten zur Leistungssteigerung und Webseitenoptimierung.<\/div>\n<div><\/div>\n<h6><strong>Werbung \/ Tracking Cookies<\/strong><\/h6>\n<div>Diese Cookies werden von externen Werbepartnern gesetzt und dienen der Profilerstellung und Datenverfolgung \u00fcber mehrere Websites hinweg. Wenn Sie diese Cookies akzeptieren, k\u00f6nnen wir unsere Werbung auf anderen Websites basierend auf Ihrem Benutzerprofil und Ihren Pr\u00e4ferenzen anzeigen. Diese Cookies speichern auch Daten dar\u00fcber, wie viele Besucher unsere Werbung gesehen oder angeklickt haben, um Werbekampagnen zu optimieren.<\/div>\n<h6><strong>Wie kann ich Cookies ausschalten oder entfernen?<\/strong><\/h6>\n<div>Sie k\u00f6nnen sich f\u00fcr alle au\u00dfer den notwendigen Cookies entscheiden. In den Einstellungen des Browsers k\u00f6nnen Sie die Einstellungen so \u00e4ndern, dass Cookies blockiert werden. In den meisten Browsern finden Sie in der sogenannten &#8222;Hilfe-Funktion&#8220; eine Erkl\u00e4rung, wie Sie dies tun k\u00f6nnen. Wenn Sie die Cookies jedoch blockieren, ist es m\u00f6glich, dass Sie nicht alle technischen Funktionen unserer Website nutzen k\u00f6nnen und dass dies negative Auswirkungen auf Ihr Nutzererlebnis haben kann.<\/div>\n<\/div>\n","protected":false},"excerpt":{"rendered":"<p>Was sind Cookies? Cookies und \u00e4hnliche Technologien sind sehr kleine Textdokumente oder Codeteile, die oft&#8230;<\/p>\n","protected":false},"author":1,"featured_media":0,"parent":0,"menu_order":0,"comment_status":"closed","ping_status":"closed","template":"","meta":[],"yoast_head":"<!-- This site is optimized with the Yoast SEO plugin v19.5.1 - https:\/\/yoast.com\/wordpress\/plugins\/seo\/ -->\r\n<title>Cookie Richtlinien - ESV Styria Wiener Prater<\/title>\r\n<meta name=\"robots\" content=\"index, follow, max-snippet:-1, max-image-preview:large, max-video-preview:-1\" \/>\r\n<link rel=\"canonical\" href=\"https:\/\/styria-wien.at\/?page_id=758\" \/>\r\n<meta property=\"og:locale\" content=\"de_DE\" \/>\r\n<meta property=\"og:type\" content=\"article\" \/>\r\n<meta property=\"og:title\" content=\"Cookie Richtlinien - ESV Styria Wiener Prater\" \/>\r\n<meta property=\"og:description\" content=\"Was sind Cookies? Cookies und \u00e4hnliche Technologien sind sehr kleine Textdokumente oder Codeteile, die oft...\" \/>\r\n<meta property=\"og:url\" content=\"https:\/\/styria-wien.at\/?page_id=758\" \/>\r\n<meta property=\"og:site_name\" content=\"ESV Styria Wiener Prater\" \/>\r\n<meta property=\"article:modified_time\" content=\"2022-07-25T14:25:21+00:00\" \/>\r\n<meta name=\"twitter:card\" content=\"summary_large_image\" \/>\r\n<meta name=\"twitter:label1\" content=\"Gesch\u00e4tzte Lesezeit\" \/>\n\t<meta name=\"twitter:data1\" content=\"3 Minuten\" \/>\r\n<script type=\"application\/ld+json\" class=\"yoast-schema-graph\">{\"@context\":\"https:\/\/schema.org\",\"@graph\":[{\"@type\":\"WebPage\",\"@id\":\"https:\/\/styria-wien.at\/?page_id=758\",\"url\":\"https:\/\/styria-wien.at\/?page_id=758\",\"name\":\"Cookie Richtlinien - ESV Styria Wiener Prater\",\"isPartOf\":{\"@id\":\"https:\/\/styria-wien.at\/#website\"},\"datePublished\":\"2021-05-12T09:09:30+00:00\",\"dateModified\":\"2022-07-25T14:25:21+00:00\",\"breadcrumb\":{\"@id\":\"https:\/\/styria-wien.at\/?page_id=758#breadcrumb\"},\"inLanguage\":\"de-AT\",\"potentialAction\":[{\"@type\":\"ReadAction\",\"target\":[\"https:\/\/styria-wien.at\/?page_id=758\"]}]},{\"@type\":\"BreadcrumbList\",\"@id\":\"https:\/\/styria-wien.at\/?page_id=758#breadcrumb\",\"itemListElement\":[{\"@type\":\"ListItem\",\"position\":1,\"name\":\"Home\",\"item\":\"https:\/\/styria-wien.at\/\"},{\"@type\":\"ListItem\",\"position\":2,\"name\":\"Cookie Richtlinien\"}]},{\"@type\":\"WebSite\",\"@id\":\"https:\/\/styria-wien.at\/#website\",\"url\":\"https:\/\/styria-wien.at\/\",\"name\":\"ESV Styria Wiener Prater\",\"description\":\"...erleben Sie Stocksport im Herzen von Wien\",\"potentialAction\":[{\"@type\":\"SearchAction\",\"target\":{\"@type\":\"EntryPoint\",\"urlTemplate\":\"https:\/\/styria-wien.at\/?s={search_term_string}\"},\"query-input\":\"required name=search_term_string\"}],\"inLanguage\":\"de-AT\"}]}<\/script>\r\n<!-- \/ Yoast SEO plugin. -->","yoast_head_json":{"title":"Cookie Richtlinien - ESV Styria Wiener Prater","robots":{"index":"index","follow":"follow","max-snippet":"max-snippet:-1","max-image-preview":"max-image-preview:large","max-video-preview":"max-video-preview:-1"},"canonical":"https:\/\/styria-wien.at\/?page_id=758","og_locale":"de_DE","og_type":"article","og_title":"Cookie Richtlinien - ESV Styria Wiener Prater","og_description":"Was sind Cookies? Cookies und \u00e4hnliche Technologien sind sehr kleine Textdokumente oder Codeteile, die oft...","og_url":"https:\/\/styria-wien.at\/?page_id=758","og_site_name":"ESV Styria Wiener Prater","article_modified_time":"2022-07-25T14:25:21+00:00","twitter_card":"summary_large_image","twitter_misc":{"Gesch\u00e4tzte Lesezeit":"3 Minuten"},"schema":{"@context":"https:\/\/schema.org","@graph":[{"@type":"WebPage","@id":"https:\/\/styria-wien.at\/?page_id=758","url":"https:\/\/styria-wien.at\/?page_id=758","name":"Cookie Richtlinien - ESV Styria Wiener Prater","isPartOf":{"@id":"https:\/\/styria-wien.at\/#website"},"datePublished":"2021-05-12T09:09:30+00:00","dateModified":"2022-07-25T14:25:21+00:00","breadcrumb":{"@id":"https:\/\/styria-wien.at\/?page_id=758#breadcrumb"},"inLanguage":"de-AT","potentialAction":[{"@type":"ReadAction","target":["https:\/\/styria-wien.at\/?page_id=758"]}]},{"@type":"BreadcrumbList","@id":"https:\/\/styria-wien.at\/?page_id=758#breadcrumb","itemListElement":[{"@type":"ListItem","position":1,"name":"Home","item":"https:\/\/styria-wien.at\/"},{"@type":"ListItem","position":2,"name":"Cookie Richtlinien"}]},{"@type":"WebSite","@id":"https:\/\/styria-wien.at\/#website","url":"https:\/\/styria-wien.at\/","name":"ESV Styria Wiener Prater","description":"...erleben Sie Stocksport im Herzen von Wien","potentialAction":[{"@type":"SearchAction","target":{"@type":"EntryPoint","urlTemplate":"https:\/\/styria-wien.at\/?s={search_term_string}"},"query-input":"required name=search_term_string"}],"inLanguage":"de-AT"}]}},"_links":{"self":[{"href":"https:\/\/styria-wien.at\/index.php?rest_route=\/wp\/v2\/pages\/758"}],"collection":[{"href":"https:\/\/styria-wien.at\/index.php?rest_route=\/wp\/v2\/pages"}],"about":[{"href":"https:\/\/styria-wien.at\/index.php?rest_route=\/wp\/v2\/types\/page"}],"author":[{"embeddable":true,"href":"https:\/\/styria-wien.at\/index.php?rest_route=\/wp\/v2\/users\/1"}],"replies":[{"embeddable":true,"href":"https:\/\/styria-wien.at\/index.php?rest_route=%2Fwp%2Fv2%2Fcomments&post=758"}],"version-history":[{"count":4,"href":"https:\/\/styria-wien.at\/index.php?rest_route=\/wp\/v2\/pages\/758\/revisions"}],"predecessor-version":[{"id":1646,"href":"https:\/\/styria-wien.at\/index.php?rest_route=\/wp\/v2\/pages\/758\/revisions\/1646"}],"wp:attachment":[{"href":"https:\/\/styria-wien.at\/index.php?rest_route=%2Fwp%2Fv2%2Fmedia&parent=758"}],"curies":[{"name":"wp","href":"https:\/\/api.w.org\/{rel}","templated":true}]}}