{"id":391,"date":"2021-05-04T11:32:18","date_gmt":"2021-05-04T09:32:18","guid":{"rendered":"https:\/\/styria-wien.at\/?page_id=391"},"modified":"2022-07-25T11:48:48","modified_gmt":"2022-07-25T09:48:48","slug":"datenschutzerklaerung","status":"publish","type":"page","link":"https:\/\/styria-wien.at\/?page_id=391","title":{"rendered":"Datenschutzerkl\u00e4rung"},"content":{"rendered":"\n<div class=\"wp-block-blockspare-blockspare-container alignfull blockspare-943b4504-06e6-4\"><style>.blockspare-943b4504-06e6-4 .blockspare-block-container-wrapper{background-color:#f9f9f9;padding-top:20px;padding-right:10px;padding-bottom:20px;padding-left:10px;margin-top:30px;margin-right:0px;margin-bottom:30px;margin-left:0px;border-radius:null}.blockspare-943b4504-06e6-4 .blockspare-image-wrap{background-image:}<\/style><div class=\"blockspare-block-container-wrapper\"><div class=\"blockspare-container-background blockspare-image-wrap has-background-opacity-100 has-background-opacity\"><\/div><div class=\"blockspare-container\"><div class=\"blockspare-inner-blocks blockspare-inner-wrapper-blocks\">\n<p><strong>Quick Links:<\/strong><\/p>\n\n\n\n<div class=\"wp-container-4 wp-block-columns\">\n<div class=\"wp-container-1 wp-block-column\"><a href=\"#consent-change\" id=\"rcb-sc-link-change\" data-success-message=\"\" class=\"rcb-sc-link rcb-sc-link-change\">Privatsph\u00e4re-Einstellungen \u00e4ndern<\/a>\n<\/div>\n\n\n\n<div class=\"wp-container-2 wp-block-column\"><a href=\"#consent-revoke\" id=\"rcb-sc-link-revoke\" data-success-message=\"Du hast die Einwilligung erfolgreich widerrufen. Die Seite wird nun neu geladen.\" class=\"rcb-sc-link rcb-sc-link-revoke\">Einwilligungen widerrufen<\/a>\n<\/div>\n\n\n\n<div class=\"wp-container-3 wp-block-column\"><a href=\"#consent-history\" id=\"rcb-sc-link-history\" data-success-message=\"\" class=\"rcb-sc-link rcb-sc-link-history\">Historie der Privatsph\u00e4re-Einstellungen<\/a>\n<\/div>\n<\/div>\n\n\n\n<hr class=\"wp-block-separator has-alpha-channel-opacity is-style-wide\"\/>\n\n\n\n<p><strong>Sehr geehrte BesucherInnen unserer Webseite,<\/strong><\/p>\n\n\n\n<p>wir freuen uns \u00fcber Ihren Besuch auf unserer Webseite. Damit Sie sich beim Besuch unserer Webseiten sicher und wohl f\u00fchlen, m\u00f6chten wir Sie nachfolgend \u00fcber den Umgang mit Ihren Daten informieren. Die folgenden Datenschutzbestimmungen sind daf\u00fcr gedacht, Sie \u00fcber unsere Handhabung der Erhebung, Verwendung und Weitergabe von pers\u00f6nlichen Daten zu informieren. Verantwortliche Stelle f\u00fcr diese Webseite ist &#8222;Styria Wien&#8220;. Der Schutz Ihrer Privatsph\u00e4re ist uns sehr wichtig. Daher haben wir unser Internet- Angebot grunds\u00e4tzlich so gestaltet, dass dessen Nutzung anonym erfolgen kann. Wir verwenden Informationen, die wir w\u00e4hrend Ihres Besuches unserer Webseiten erhalten und speichern, ausschlie\u00dflich f\u00fcr interne Zwecke und zur Verbesserung der Gestaltung der Webseiten. Eine Ausnahme gilt, wenn dies zur Abwehr gegen Angriffe erforderlich ist, die Straftatbest\u00e4nde darstellen oder die die Funktionsf\u00e4higkeit unseres Webangebotes beeintr\u00e4chtigen.<\/p>\n\n\n\n<hr class=\"wp-block-separator has-alpha-channel-opacity\"\/>\n\n\n\n<p><strong>Nutzungsdaten:<\/strong><\/p>\n\n\n\n<p>Wenn Sie unsere Webseiten besuchen, werden auf unserem Webserver tempor\u00e4r sogenannte Nutzungsdaten zu statistischen Zwecken als Protokoll gespeichert, um die Qualit\u00e4t unserer Webseiten zu verbessern. Dieser Datensatz besteht aus<br><br>&#8211; der Seite, von der aus die Datei angefordert wurde,<br>&#8211; dem Namen der Datei,<br>&#8211; dem Datum und der Uhrzeit der Abfrage,<br>&#8211; der \u00fcbertragenen Datenmenge,dem Zugriffsstatus (Datei \u00fcbertragen, Datei nicht gefunden),<br>&#8211; der Beschreibung des Typs des verwendeten Webbrowsers,<br>&#8211; der IP-Adresse des anfragenden Rechners, verk\u00fcrzt um die letzten drei Stellen.<br>&#8211; Wir verwenden diese Informationen, um den Aufruf unserer Webseite zu erm\u00f6glichen, zur Kontrolle und Administration unserer Systeme sowie zur Verbesserung der Gestaltung der Webseiten. Die gespeicherten Daten werden gem\u00e4\u00df Telemediengesetz (TMG) anonymisiert gespeichert. Die Erstellung von personenbezogenen Nutzerprofilen ist damit ausgeschlossen. Daten \u00fcber Personen oder ihr Individualverhalten werden hierbei nicht gesammelt. <\/p>\n\n\n\n<hr class=\"wp-block-separator has-alpha-channel-opacity\"\/>\n\n\n\n<p><strong>Daten\u00fcbermittlung an Dritte:<\/strong><\/p>\n\n\n\n<p>Wir \u00fcbermitteln Ihre personenbezogenen Daten grunds\u00e4tzlich nicht an Dritte au\u00dferhalb unseres Unternehmens. Ausgenommen die Daten, die f\u00fcr die Funktionalit\u00e4t der Webseite notwendig sind. Diese Services werden in den Privatsph\u00e4re-Einstellungen genannt.<\/p>\n\n\n\n<hr class=\"wp-block-separator has-alpha-channel-opacity\"\/>\n\n\n\n<p><strong>Kontaktaufnahme:<\/strong><\/p>\n\n\n\n<p>Sie haben die M\u00f6glichkeit, mit uns \u00fcber die angegebenen E-Mail Adressen in Kontakt zu treten. Soweit Sie uns dabei personenbezogene Daten mitteilen, werden wir diese ausschlie\u00dflich zur Beantwortung ihrer Anfrage speichern, verarbeiten und nutzen.<\/p>\n\n\n\n<hr class=\"wp-block-separator has-alpha-channel-opacity\"\/>\n\n\n\n<p><strong>Cookies:<\/strong><\/p>\n\n\n\n<p>Cookies sind kleine Dateien, die auf der Festplatte eines Besuchers abgelegt werden. Sie erlauben es, Informationen \u00fcber einen bestimmten Zeitraum vorzuhalten und den Rechner des Besuchers zu identifizieren. Zur besseren Benutzerf\u00fchrung und individuellen Leistungsdarstellung setzen wir permanente Cookies ein. Ferner verwenden wir sog. Session-Cookies, die automatisch gel\u00f6scht werden, wenn Sie Ihren Browser schlie\u00dfen. Sie k\u00f6nnen Ihren Browser so einstellen, dass er Sie \u00fcber die Platzierung von Cookies informiert. So wird der Gebrauch von Cookies f\u00fcr Sie transparent.\u00a0<a href=\"https:\/\/styria-wien.at\/?page_id=758\">Cookie Richtlinien \u25b2<\/a><\/p>\n\n\n\n<hr class=\"wp-block-separator has-alpha-channel-opacity\"\/>\n\n\n\n<p><strong>Anzeigen von Inhalten externer Plattformen:<\/strong><\/p>\n\n\n\n<p>Mit dieser Art von Diensten k\u00f6nnen Nutzer sich Inhalte, die auf externen Plattformen gehostet werden, direkt \u00fcber diese Website anzeigen lassen und mit ihnen interagieren.<br>Falls ein solcher Dienst installiert ist, so kann er f\u00fcr die Seiten, auf denen er installiert ist, m\u00f6glicherweise auch dann Daten aus dem Datenverkehr erheben, wenn Nutzer ihn nicht verwenden.<\/p>\n\n\n\n<p><strong>Google Fonts &amp; Google Maps(Google Inc.):<\/strong><\/p>\n\n\n\n<p>Google Fonts und Google Maps ist ein von Google Inc. bereitgestellter Service zur Visualisierung von Schriftarten, Landkarten und einer Navigationshilfe, mit dem diese Website entsprechende Inhalte auf ihren Seiten einbinden kann.<br>Verarbeitete personenbezogene Daten: Nutzungsdaten; verschiedene Datenarten, wie in der Datenschutzerkl\u00e4rung des Dienstes beschrieben.<br>Verarbeitungsort: Vereinigte Staaten \u2013\u00a0<a href=\"https:\/\/www.google.de\/intl\/policies\/privacy\/\" target=\"_blank\" rel=\"noreferrer noopener\">Datenschutzerkl\u00e4rung<\/a>.<\/p>\n\n\n\n<hr class=\"wp-block-separator has-alpha-channel-opacity\"\/>\n\n\n\n<p><strong>Ihre Rechte als Nutzer:<\/strong><\/p>\n\n\n\n<p>Sie haben als Nutzer das Recht, Auskunft dar\u00fcber zu verlangen, welche Daten \u00fcber Sie bei uns gespeichert sind und zu welchem Zweck diese Speicherung erfolgt. Dar\u00fcber hinaus k\u00f6nnen Sie unrichtige Daten berichtigen oder solche Daten l\u00f6schen lassen, deren Speicherung unzul\u00e4ssig oder nicht mehr erforderlich ist. F\u00fcr Ausk\u00fcnfte, W\u00fcnsche oder Anregungen zum Thema Datenschutz stehen wir Ihnen gerne zur Verf\u00fcgung.<\/p>\n\n\n\n<p>ESV Styria Wiener Prater<br>Obmann: Ing. Heinz Konrad Hummel<br>Handelskai 454\/8<br>1020 Wien<br>Tel: <a href=\"&#116;&#x65;&#x6c;:&#043;&#x34;&#x33;6&#057;&#x39;1&#049;&#x30;&#x39;0&#056;&#x36;0\">&#43;&#x34;&#51;&#x20;&#40;&#x30;&#41;&#x36;&#57;&#x39;&#47;&#x31;&#49;&#x30;&#57;&#x30;&#56;&#x36;&#48;<\/a><br>E-Mail: <a href=\"&#x6d;&#x61;&#x69;&#x6c;&#x74;&#x6f;&#x3a;&#x68;&#x65;&#x69;&#x6e;&#x7a;&#x2e;&#x68;&#x75;&#x6d;&#x6d;&#x65;&#x6c;&#x40;&#x6b;&#x6f;&#x6c;&#x61;&#x72;&#x69;&#x6b;&#x2e;&#x61;&#x74;\">&#104;&#x65;i&#x6e;&#x7a;&#46;&#x68;u&#x6d;&#x6d;&#101;&#x6c;&#64;&#x6b;&#x6f;&#108;&#x61;r&#x69;&#x6b;&#46;&#x61;t<\/a><\/p>\n\n\n\n<div style=\"height:10px\" aria-hidden=\"true\" class=\"wp-block-spacer\"><\/div>\n<\/div><\/div><\/div><\/div>\n\n\n\n<div class=\"wp-block-blockspare-shape-divider alignfull blockspare-67d8ec8d-3727-4\"><style>.blockspare-67d8ec8d-3727-4 .blockspare-svg-wrapper{color:#ee1c25;height:35px;padding-top:0px;padding-right:0px;padding-bottom:0px;padding-left:0px;margin-top:-30px;margin-right:0px;margin-bottom:30px;margin-left:0px}<\/style><div class=\"blockspare-blocks blockspare-svg-wrapper is-vertically-flipped is-horizontally-flipped has-width-1\"><div class=\"blockspare-svg-svg-inner blockspare-separator-wrapper\"><svg class=\"double-wave\" preserveAspectRatio=\"none\" aria-hidden=\"true\" xmlns=\"http:\/\/www.w3.org\/2000\/svg\" viewBox=\"0 0 1946 175\"><path class=\"st0\" d=\"M-.5 27.7v146.8h1946V10.7s-170.6 20.4-265 57.2c0 0-374.1 116.7-794.2 24.7 0 0-414.1-100.9-673.1-92-.1 0-102.9 5.2-213.7 27.1z\"><\/path><path class=\"st1\" d=\"M1945.5 69.9s-425.5-100-888 20.5c0 0-342.6 63.3-611.4 43.8 0 0-224.9-40.3-446.6-84.4V174h1946V69.9z\"><\/path><path d=\"M-.5 88s425.5-100 888 20.5c0 0 342.6 63.3 611.4 43.8 0 0 224.9-20.2 446.6-64.3v87H-.5V88z\"><\/path><\/svg><\/div><\/div><\/div>\n","protected":false},"excerpt":{"rendered":"","protected":false},"author":1,"featured_media":0,"parent":0,"menu_order":0,"comment_status":"closed","ping_status":"closed","template":"","meta":[],"yoast_head":"<!-- This site is optimized with the Yoast SEO plugin v19.5.1 - https:\/\/yoast.com\/wordpress\/plugins\/seo\/ -->\r\n<title>Datenschutzerkl\u00e4rung - ESV Styria Wiener Prater<\/title>\r\n<meta name=\"robots\" content=\"index, follow, max-snippet:-1, max-image-preview:large, max-video-preview:-1\" \/>\r\n<link rel=\"canonical\" href=\"https:\/\/styria-wien.at\/?page_id=391\" \/>\r\n<meta property=\"og:locale\" content=\"de_DE\" \/>\r\n<meta property=\"og:type\" content=\"article\" \/>\r\n<meta property=\"og:title\" content=\"Datenschutzerkl\u00e4rung - ESV Styria Wiener Prater\" \/>\r\n<meta property=\"og:url\" content=\"https:\/\/styria-wien.at\/?page_id=391\" \/>\r\n<meta property=\"og:site_name\" content=\"ESV Styria Wiener Prater\" \/>\r\n<meta property=\"article:modified_time\" content=\"2022-07-25T09:48:48+00:00\" \/>\r\n<meta name=\"twitter:card\" content=\"summary_large_image\" \/>\r\n<meta name=\"twitter:label1\" content=\"Gesch\u00e4tzte Lesezeit\" \/>\n\t<meta name=\"twitter:data1\" content=\"4 Minuten\" \/>\r\n<script type=\"application\/ld+json\" class=\"yoast-schema-graph\">{\"@context\":\"https:\/\/schema.org\",\"@graph\":[{\"@type\":\"WebPage\",\"@id\":\"https:\/\/styria-wien.at\/?page_id=391\",\"url\":\"https:\/\/styria-wien.at\/?page_id=391\",\"name\":\"Datenschutzerkl\u00e4rung - ESV Styria Wiener Prater\",\"isPartOf\":{\"@id\":\"https:\/\/styria-wien.at\/#website\"},\"datePublished\":\"2021-05-04T09:32:18+00:00\",\"dateModified\":\"2022-07-25T09:48:48+00:00\",\"breadcrumb\":{\"@id\":\"https:\/\/styria-wien.at\/?page_id=391#breadcrumb\"},\"inLanguage\":\"de-AT\",\"potentialAction\":[{\"@type\":\"ReadAction\",\"target\":[\"https:\/\/styria-wien.at\/?page_id=391\"]}]},{\"@type\":\"BreadcrumbList\",\"@id\":\"https:\/\/styria-wien.at\/?page_id=391#breadcrumb\",\"itemListElement\":[{\"@type\":\"ListItem\",\"position\":1,\"name\":\"Home\",\"item\":\"https:\/\/styria-wien.at\/\"},{\"@type\":\"ListItem\",\"position\":2,\"name\":\"Datenschutzerkl\u00e4rung\"}]},{\"@type\":\"WebSite\",\"@id\":\"https:\/\/styria-wien.at\/#website\",\"url\":\"https:\/\/styria-wien.at\/\",\"name\":\"ESV Styria Wiener Prater\",\"description\":\"...erleben Sie Stocksport im Herzen von Wien\",\"potentialAction\":[{\"@type\":\"SearchAction\",\"target\":{\"@type\":\"EntryPoint\",\"urlTemplate\":\"https:\/\/styria-wien.at\/?s={search_term_string}\"},\"query-input\":\"required name=search_term_string\"}],\"inLanguage\":\"de-AT\"}]}<\/script>\r\n<!-- \/ Yoast SEO plugin. -->","yoast_head_json":{"title":"Datenschutzerkl\u00e4rung - ESV Styria Wiener Prater","robots":{"index":"index","follow":"follow","max-snippet":"max-snippet:-1","max-image-preview":"max-image-preview:large","max-video-preview":"max-video-preview:-1"},"canonical":"https:\/\/styria-wien.at\/?page_id=391","og_locale":"de_DE","og_type":"article","og_title":"Datenschutzerkl\u00e4rung - ESV Styria Wiener Prater","og_url":"https:\/\/styria-wien.at\/?page_id=391","og_site_name":"ESV Styria Wiener Prater","article_modified_time":"2022-07-25T09:48:48+00:00","twitter_card":"summary_large_image","twitter_misc":{"Gesch\u00e4tzte Lesezeit":"4 Minuten"},"schema":{"@context":"https:\/\/schema.org","@graph":[{"@type":"WebPage","@id":"https:\/\/styria-wien.at\/?page_id=391","url":"https:\/\/styria-wien.at\/?page_id=391","name":"Datenschutzerkl\u00e4rung - ESV Styria Wiener Prater","isPartOf":{"@id":"https:\/\/styria-wien.at\/#website"},"datePublished":"2021-05-04T09:32:18+00:00","dateModified":"2022-07-25T09:48:48+00:00","breadcrumb":{"@id":"https:\/\/styria-wien.at\/?page_id=391#breadcrumb"},"inLanguage":"de-AT","potentialAction":[{"@type":"ReadAction","target":["https:\/\/styria-wien.at\/?page_id=391"]}]},{"@type":"BreadcrumbList","@id":"https:\/\/styria-wien.at\/?page_id=391#breadcrumb","itemListElement":[{"@type":"ListItem","position":1,"name":"Home","item":"https:\/\/styria-wien.at\/"},{"@type":"ListItem","position":2,"name":"Datenschutzerkl\u00e4rung"}]},{"@type":"WebSite","@id":"https:\/\/styria-wien.at\/#website","url":"https:\/\/styria-wien.at\/","name":"ESV Styria Wiener Prater","description":"...erleben Sie Stocksport im Herzen von Wien","potentialAction":[{"@type":"SearchAction","target":{"@type":"EntryPoint","urlTemplate":"https:\/\/styria-wien.at\/?s={search_term_string}"},"query-input":"required name=search_term_string"}],"inLanguage":"de-AT"}]}},"_links":{"self":[{"href":"https:\/\/styria-wien.at\/index.php?rest_route=\/wp\/v2\/pages\/391"}],"collection":[{"href":"https:\/\/styria-wien.at\/index.php?rest_route=\/wp\/v2\/pages"}],"about":[{"href":"https:\/\/styria-wien.at\/index.php?rest_route=\/wp\/v2\/types\/page"}],"author":[{"embeddable":true,"href":"https:\/\/styria-wien.at\/index.php?rest_route=\/wp\/v2\/users\/1"}],"replies":[{"embeddable":true,"href":"https:\/\/styria-wien.at\/index.php?rest_route=%2Fwp%2Fv2%2Fcomments&post=391"}],"version-history":[{"count":7,"href":"https:\/\/styria-wien.at\/index.php?rest_route=\/wp\/v2\/pages\/391\/revisions"}],"predecessor-version":[{"id":1635,"href":"https:\/\/styria-wien.at\/index.php?rest_route=\/wp\/v2\/pages\/391\/revisions\/1635"}],"wp:attachment":[{"href":"https:\/\/styria-wien.at\/index.php?rest_route=%2Fwp%2Fv2%2Fmedia&parent=391"}],"curies":[{"name":"wp","href":"https:\/\/api.w.org\/{rel}","templated":true}]}}