{"id":177,"date":"2021-04-27T09:45:24","date_gmt":"2021-04-27T09:45:24","guid":{"rendered":"https:\/\/styria-wien.at\/?page_id=177"},"modified":"2021-06-17T12:09:31","modified_gmt":"2021-06-17T10:09:31","slug":"geschichte","status":"publish","type":"page","link":"https:\/\/styria-wien.at\/?page_id=177","title":{"rendered":"Geschichte"},"content":{"rendered":"\n<div style=\"height:50px\" aria-hidden=\"true\" class=\"wp-block-spacer\"><\/div>\n\n\n\n<p class=\"has-drop-cap\">Der ESV Styria Wiener Prater wurde in der jetzigen Form 1996 gegr\u00fcndet.&nbsp; Die Initiatoren und Gr\u00fcndungsv\u00e4ter waren Franz Unger und Ing. Heinz Konrad Hummel. Das Grundger\u00fcst entstammte aus den Vereinen ESV Altmannsdorf und ESV Nokia Wien. Die erste Trainingsst\u00e4tte war das \u201etop ten\u201c im 21. Bezirk. Ab 1999 trainierte der Verein im Strandbad Stadlau im 22. Bezirk auf einer neu errichteten Stockanlage. Im Jahr 2000 konnte der Verein in seine derzeitige Heimst\u00e4tte in den Wiener Prater im 2. Bezirk \u00fcbersiedeln.<\/p>\n\n\n\n<p>In Jahr 2001 entstand in der Praterfee eine Stocksportanlage mit 6 Bahnen. Bei der Herstellung dieser Anlage machte man sich die neuesten Erkenntnisse des internationalen Verbandes (IFE) zunutze. Das Ergebnis des Zusammenwirkens aller Mitbeteiligten unter der Oberhand des Obmannes Ing. Heinz Konrad Hummel war eine Stocksportanlage mit hervorragender Qualit\u00e4t. Sei es der Belag der Stockbahnen, die Flutlichtanlage oder die Infrastruktur, sie sind als gelungen zu betrachten. <\/p>\n\n\n\n<div style=\"height:15px\" aria-hidden=\"true\" class=\"wp-block-spacer\"><\/div>\n\n\n\n<div class=\"wp-block-image is-style-default\"><figure class=\"aligncenter size-large\"><img loading=\"lazy\" width=\"1024\" height=\"227\" src=\"https:\/\/styria-wien.at\/wp-content\/uploads\/2021\/05\/1547799176_Bild1.jpg\" alt=\"Stocksportanlage\" class=\"wp-image-355\" srcset=\"https:\/\/styria-wien.at\/wp-content\/uploads\/2021\/05\/1547799176_Bild1.jpg 1024w, https:\/\/styria-wien.at\/wp-content\/uploads\/2021\/05\/1547799176_Bild1-300x67.jpg 300w, https:\/\/styria-wien.at\/wp-content\/uploads\/2021\/05\/1547799176_Bild1-768x170.jpg 768w\" sizes=\"(max-width: 1024px) 100vw, 1024px\" \/><figcaption><strong>Unser Training findet jeden Dienstag ab 18:00 Uhr auf der Stocksportanlage beim Strandbad Stadlau statt.<br>Am M\u00fchlwasser 6, 1220 Wien<\/strong><\/figcaption><\/figure><\/div>\n\n\n\n<div style=\"height:15px\" aria-hidden=\"true\" class=\"wp-block-spacer\"><\/div>\n\n\n\n<p>Seit der Gr\u00fcndung des Vereins sind viele sportliche Erfolge zu verzeichnen. Ob bei den Damen-, Herren-, Mixed-, Senioren oder Jugendklassen im Mannschaftsbewerb, im Ziel- oder Weitenbewerben,&nbsp; immer wieder konnten Landesmeistertitel oder Spitzenpl\u00e4tze errungen werden. Aber nicht nur in \u00d6sterreich auch bei Nachbarnationen konnten internationale Turniere gewonnen werden. Eine gro\u00dfe Tradition hat auch das allj\u00e4hrlich durchgef\u00fchrte Weihnachtsturnier. Hier spielen Mannschaften aus vielen Bundesl\u00e4ndern am letzten Samstag vor Weihnachten um den Turniersieg. Die Siegerehrung findet dann im Rahmen einer gro\u00dfen Weihnachtstombola statt. Nat\u00fcrlich gibt es auch im Laufe des Jahres immer wieder Freundschaftsturniere.<\/p>\n\n\n\n<p>Einen besonderen H\u00f6hepunkt des Vereines stellte das Marathonturnier am 11. und 12. Juli 2003 dar. Bei diesem Weltrekordversuch spielten 13 Mannschaften 26 Stunden und 10 Minuten miteinander. Es war ein gro\u00dfes Stocksportfest!!<\/p>\n\n\n\n<p>Im April 2004 wurde die Anlage um 7 Bahnen vergr\u00f6\u00dfert.<\/p>\n\n\n\n<p>Im Jahre 2006 wurde nach der Herstellung von weiteren 8 Bahnen die Anlage in der heutigen Form geschaffen.<\/p>\n\n\n\n<p>Unsere Anlage war in den letzten beiden Jahren Austragungsort der Wiener Schulmeisterschaften. Jeweils mehr als 800 Sch\u00fcler beteiligten sich mit viel Spa\u00df an dieser Veranstaltung, wo nach einigen Wochen Training der Wiener Schulmeister ermittelt wurde.<\/p>\n\n\n\n<p>Was w\u00e4re aber ein Verein ohne Vereinsleben?&nbsp; Neben dem Training am Dienstag&nbsp; Abend und den Turnierteilnahmen betreut der ESV Styria Wien immer wieder Eventveranstaltungen.&nbsp; Firmen und sonstige Institutionen wurden&nbsp; bereits oftmals bei ihren Feiern von Vereinsmitglieder in den Stocksport eingef\u00fchrt und betreut.<\/p>\n\n\n\n<pre class=\"wp-block-verse\"><strong>Sollten Sie nun Lust am Stocksport oder Fragen haben, steht Ihnen der Obmann gerne zu Verf\u00fcgung.\nIng. Heinz Konrad Hummel Tel.: <a href=\"tel:+436991090860\">0699\/11090860<\/a><\/strong><\/pre>\n\n\n\n<div class=\"wp-block-blockspare-shape-divider alignfull blockspare-a5cf3f09-db36-4\"><style>.blockspare-a5cf3f09-db36-4 .blockspare-svg-wrapper{color:#ee1c25;height:35px;padding-top:0px;padding-right:0px;padding-bottom:0px;padding-left:0px;margin-top:0px;margin-bottom:30px}<\/style><div class=\"blockspare-blocks blockspare-svg-wrapper is-vertically-flipped is-horizontally-flipped has-width-1\"><div class=\"blockspare-svg-svg-inner blockspare-separator-wrapper\"><svg class=\"double-wave\" preserveaspectratio=\"none\" aria-hidden=\"true\" xmlns=\"http:\/\/www.w3.org\/2000\/svg\" viewbox=\"0 0 1946 175\"><path class=\"st0\" d=\"M-.5 27.7v146.8h1946V10.7s-170.6 20.4-265 57.2c0 0-374.1 116.7-794.2 24.7 0 0-414.1-100.9-673.1-92-.1 0-102.9 5.2-213.7 27.1z\"><\/path><path class=\"st1\" d=\"M1945.5 69.9s-425.5-100-888 20.5c0 0-342.6 63.3-611.4 43.8 0 0-224.9-40.3-446.6-84.4V174h1946V69.9z\"><\/path><path d=\"M-.5 88s425.5-100 888 20.5c0 0 342.6 63.3 611.4 43.8 0 0 224.9-20.2 446.6-64.3v87H-.5V88z\"><\/path><\/svg><\/div><\/div><\/div>\n","protected":false},"excerpt":{"rendered":"<p>Der ESV Styria Wiener Prater wurde in der jetzigen Form 1996 gegr\u00fcndet.&nbsp; Die Initiatoren und&#8230;<\/p>\n","protected":false},"author":1,"featured_media":0,"parent":63,"menu_order":1,"comment_status":"closed","ping_status":"closed","template":"","meta":[],"yoast_head":"<!-- This site is optimized with the Yoast SEO plugin v19.5.1 - https:\/\/yoast.com\/wordpress\/plugins\/seo\/ -->\r\n<title>Geschichte - ESV Styria Wiener Prater<\/title>\r\n<meta name=\"robots\" content=\"index, follow, max-snippet:-1, max-image-preview:large, max-video-preview:-1\" \/>\r\n<link rel=\"canonical\" href=\"https:\/\/styria-wien.at\/?page_id=177\" \/>\r\n<meta property=\"og:locale\" content=\"de_DE\" \/>\r\n<meta property=\"og:type\" content=\"article\" \/>\r\n<meta property=\"og:title\" content=\"Geschichte - ESV Styria Wiener Prater\" \/>\r\n<meta property=\"og:description\" content=\"Der ESV Styria Wiener Prater wurde in der jetzigen Form 1996 gegr\u00fcndet.&nbsp; Die Initiatoren und...\" \/>\r\n<meta property=\"og:url\" content=\"https:\/\/styria-wien.at\/?page_id=177\" \/>\r\n<meta property=\"og:site_name\" content=\"ESV Styria Wiener Prater\" \/>\r\n<meta property=\"article:modified_time\" content=\"2021-06-17T10:09:31+00:00\" \/>\r\n<meta property=\"og:image\" content=\"https:\/\/styria-wien.at\/wp-content\/uploads\/2021\/05\/1547799176_Bild1.jpg\" \/>\r\n<meta name=\"twitter:card\" content=\"summary_large_image\" \/>\r\n<meta name=\"twitter:label1\" content=\"Gesch\u00e4tzte Lesezeit\" \/>\n\t<meta name=\"twitter:data1\" content=\"3 Minuten\" \/>\r\n<script type=\"application\/ld+json\" class=\"yoast-schema-graph\">{\"@context\":\"https:\/\/schema.org\",\"@graph\":[{\"@type\":\"WebPage\",\"@id\":\"https:\/\/styria-wien.at\/?page_id=177\",\"url\":\"https:\/\/styria-wien.at\/?page_id=177\",\"name\":\"Geschichte - ESV Styria Wiener Prater\",\"isPartOf\":{\"@id\":\"https:\/\/styria-wien.at\/#website\"},\"datePublished\":\"2021-04-27T09:45:24+00:00\",\"dateModified\":\"2021-06-17T10:09:31+00:00\",\"breadcrumb\":{\"@id\":\"https:\/\/styria-wien.at\/?page_id=177#breadcrumb\"},\"inLanguage\":\"de-AT\",\"potentialAction\":[{\"@type\":\"ReadAction\",\"target\":[\"https:\/\/styria-wien.at\/?page_id=177\"]}]},{\"@type\":\"BreadcrumbList\",\"@id\":\"https:\/\/styria-wien.at\/?page_id=177#breadcrumb\",\"itemListElement\":[{\"@type\":\"ListItem\",\"position\":1,\"name\":\"Home\",\"item\":\"https:\/\/styria-wien.at\/\"},{\"@type\":\"ListItem\",\"position\":2,\"name\":\"Der Verein\",\"item\":\"https:\/\/styria-wien.at\/\"},{\"@type\":\"ListItem\",\"position\":3,\"name\":\"Geschichte\"}]},{\"@type\":\"WebSite\",\"@id\":\"https:\/\/styria-wien.at\/#website\",\"url\":\"https:\/\/styria-wien.at\/\",\"name\":\"ESV Styria Wiener Prater\",\"description\":\"...erleben Sie Stocksport im Herzen von Wien\",\"potentialAction\":[{\"@type\":\"SearchAction\",\"target\":{\"@type\":\"EntryPoint\",\"urlTemplate\":\"https:\/\/styria-wien.at\/?s={search_term_string}\"},\"query-input\":\"required name=search_term_string\"}],\"inLanguage\":\"de-AT\"}]}<\/script>\r\n<!-- \/ Yoast SEO plugin. -->","yoast_head_json":{"title":"Geschichte - ESV Styria Wiener Prater","robots":{"index":"index","follow":"follow","max-snippet":"max-snippet:-1","max-image-preview":"max-image-preview:large","max-video-preview":"max-video-preview:-1"},"canonical":"https:\/\/styria-wien.at\/?page_id=177","og_locale":"de_DE","og_type":"article","og_title":"Geschichte - ESV Styria Wiener Prater","og_description":"Der ESV Styria Wiener Prater wurde in der jetzigen Form 1996 gegr\u00fcndet.&nbsp; Die Initiatoren und...","og_url":"https:\/\/styria-wien.at\/?page_id=177","og_site_name":"ESV Styria Wiener Prater","article_modified_time":"2021-06-17T10:09:31+00:00","og_image":[{"url":"https:\/\/styria-wien.at\/wp-content\/uploads\/2021\/05\/1547799176_Bild1.jpg"}],"twitter_card":"summary_large_image","twitter_misc":{"Gesch\u00e4tzte Lesezeit":"3 Minuten"},"schema":{"@context":"https:\/\/schema.org","@graph":[{"@type":"WebPage","@id":"https:\/\/styria-wien.at\/?page_id=177","url":"https:\/\/styria-wien.at\/?page_id=177","name":"Geschichte - ESV Styria Wiener Prater","isPartOf":{"@id":"https:\/\/styria-wien.at\/#website"},"datePublished":"2021-04-27T09:45:24+00:00","dateModified":"2021-06-17T10:09:31+00:00","breadcrumb":{"@id":"https:\/\/styria-wien.at\/?page_id=177#breadcrumb"},"inLanguage":"de-AT","potentialAction":[{"@type":"ReadAction","target":["https:\/\/styria-wien.at\/?page_id=177"]}]},{"@type":"BreadcrumbList","@id":"https:\/\/styria-wien.at\/?page_id=177#breadcrumb","itemListElement":[{"@type":"ListItem","position":1,"name":"Home","item":"https:\/\/styria-wien.at\/"},{"@type":"ListItem","position":2,"name":"Der Verein","item":"https:\/\/styria-wien.at\/"},{"@type":"ListItem","position":3,"name":"Geschichte"}]},{"@type":"WebSite","@id":"https:\/\/styria-wien.at\/#website","url":"https:\/\/styria-wien.at\/","name":"ESV Styria Wiener Prater","description":"...erleben Sie Stocksport im Herzen von Wien","potentialAction":[{"@type":"SearchAction","target":{"@type":"EntryPoint","urlTemplate":"https:\/\/styria-wien.at\/?s={search_term_string}"},"query-input":"required name=search_term_string"}],"inLanguage":"de-AT"}]}},"_links":{"self":[{"href":"https:\/\/styria-wien.at\/index.php?rest_route=\/wp\/v2\/pages\/177"}],"collection":[{"href":"https:\/\/styria-wien.at\/index.php?rest_route=\/wp\/v2\/pages"}],"about":[{"href":"https:\/\/styria-wien.at\/index.php?rest_route=\/wp\/v2\/types\/page"}],"author":[{"embeddable":true,"href":"https:\/\/styria-wien.at\/index.php?rest_route=\/wp\/v2\/users\/1"}],"replies":[{"embeddable":true,"href":"https:\/\/styria-wien.at\/index.php?rest_route=%2Fwp%2Fv2%2Fcomments&post=177"}],"version-history":[{"count":20,"href":"https:\/\/styria-wien.at\/index.php?rest_route=\/wp\/v2\/pages\/177\/revisions"}],"predecessor-version":[{"id":824,"href":"https:\/\/styria-wien.at\/index.php?rest_route=\/wp\/v2\/pages\/177\/revisions\/824"}],"up":[{"embeddable":true,"href":"https:\/\/styria-wien.at\/index.php?rest_route=\/wp\/v2\/pages\/63"}],"wp:attachment":[{"href":"https:\/\/styria-wien.at\/index.php?rest_route=%2Fwp%2Fv2%2Fmedia&parent=177"}],"curies":[{"name":"wp","href":"https:\/\/api.w.org\/{rel}","templated":true}]}}